{"id":2541,"date":"2022-10-20T13:18:59","date_gmt":"2022-10-20T11:18:59","guid":{"rendered":"https:\/\/www.diving-safari-croatia.com\/privacy-policy\/"},"modified":"2025-02-26T22:50:12","modified_gmt":"2025-02-26T21:50:12","slug":"datenschutzrichtlinie","status":"publish","type":"page","link":"https:\/\/www.diving-safari-croatia.com\/de\/datenschutzrichtlinie\/","title":{"rendered":"Datenschutzrichtlinie"},"content":{"rendered":"<h2 data-start=\"49\" data-end=\"84\"><strong data-start=\"52\" data-end=\"82\">1. Datenschutzbestimmungen<\/strong><\/h2>\n<p data-start=\"86\" data-end=\"238\">Das Unternehmen <strong data-start=\"102\" data-end=\"116\">VAL t.u.o.<\/strong>, mit Sitz in Jelsa 102, 21465 Jelsa, USt-ID: 1095562858, legt gro\u00dfen Wert auf den Schutz Ihrer personenbezogenen Daten.<\/p>\n<p data-start=\"240\" data-end=\"434\">Der Zweck dieser Datenschutzbestimmungen ist es, Ihnen Informationen \u00fcber die Verarbeitung personenbezogener Daten bei der Nutzung unserer Website und unserer Dienstleistungen bereitzustellen.<\/p>\n<h3 data-start=\"436\" data-end=\"487\"><strong data-start=\"440\" data-end=\"485\">1.1. Verarbeitung personenbezogener Daten<\/strong><\/h3>\n<p data-start=\"489\" data-end=\"685\">Personenbezogene Daten gem\u00e4\u00df Art. 4 der Datenschutz-Grundverordnung (DSGVO) der EU sind alle Informationen, die sich auf eine nat\u00fcrliche Person beziehen, z. B. Name, Adresse, E-Mail-Adresse usw.<\/p>\n<h3 data-start=\"687\" data-end=\"731\"><strong data-start=\"691\" data-end=\"729\">1.2. Rechte der betroffenen Person<\/strong><\/h3>\n<p data-start=\"733\" data-end=\"839\">Sie haben gem\u00e4\u00df den gesetzlichen Bestimmungen folgende Rechte in Bezug auf Ihre personenbezogenen Daten:<\/p>\n<ul data-start=\"841\" data-end=\"1009\">\n<li data-start=\"841\" data-end=\"863\">Recht auf Auskunft<\/li>\n<li data-start=\"864\" data-end=\"903\">Recht auf Berichtigung und L\u00f6schung<\/li>\n<li data-start=\"904\" data-end=\"948\">Recht auf Einschr\u00e4nkung der Verarbeitung<\/li>\n<li data-start=\"949\" data-end=\"983\">Recht auf Daten\u00fcbertragbarkeit<\/li>\n<li data-start=\"984\" data-end=\"1009\">Recht auf Widerspruch<\/li>\n<\/ul>\n<p data-start=\"1011\" data-end=\"1160\">Sie haben das Recht, eine Beschwerde bei der zust\u00e4ndigen Aufsichtsbeh\u00f6rde in Bezug auf die Verarbeitung Ihrer personenbezogenen Daten einzureichen.<\/p>\n<h3 data-start=\"1162\" data-end=\"1219\"><strong data-start=\"1166\" data-end=\"1217\">1.3. Offenlegung gegen\u00fcber zust\u00e4ndigen Beh\u00f6rden<\/strong><\/h3>\n<p data-start=\"1221\" data-end=\"1421\">Im Falle einer gesetzlichen Verpflichtung behalten wir uns das Recht vor, Informationen \u00fcber Sie offenzulegen, wenn wir diese an zust\u00e4ndige Beh\u00f6rden oder Strafverfolgungsbeh\u00f6rden \u00fcbermitteln m\u00fcssen.<\/p>\n<p data-start=\"1423\" data-end=\"1492\"><strong data-start=\"1423\" data-end=\"1443\">Rechtsgrundlage:<\/strong> Art. 6 (1) c DSGVO (gesetzliche Verpflichtung)<\/p>\n<h2 data-start=\"1499\" data-end=\"1592\"><strong data-start=\"1502\" data-end=\"1590\">2. Erhebung und Verarbeitung personenbezogener Daten bei der Nutzung unserer Website<\/strong><\/h2>\n<p data-start=\"1594\" data-end=\"1967\">Wenn Sie unsere Website ausschlie\u00dflich zu Informationszwecken besuchen und nutzen, d. h. wenn Sie sich nicht registrieren oder auf andere Weise Daten \u00fcbermitteln, erheben wir nur die personenbezogenen Daten, die Ihr Browser an unseren Server \u00fcbermittelt. Diese sind technisch notwendig, um Ihnen unsere Website anzuzeigen und Stabilit\u00e4t sowie Sicherheit zu gew\u00e4hrleisten.<\/p>\n<h3 data-start=\"1969\" data-end=\"1991\"><strong data-start=\"1973\" data-end=\"1989\">2.1. Cookies<\/strong><\/h3>\n<p data-start=\"1993\" data-end=\"2325\">Zus\u00e4tzlich zu den oben genannten Daten werden auf Ihrem Computer Cookies oder andere Technologien wie Pixel (im Folgenden \u201eCookies\u201c) verwendet, wenn Sie unsere Website besuchen und nutzen. Cookies sind kleine Textdateien, die Ihr Browser auf Ihrem Ger\u00e4t speichert, um bestimmte Informationen oder Bilddaten wie Pixel zu speichern.<\/p>\n<p data-start=\"2327\" data-end=\"2588\">Wenn Sie unsere Website mit demselben Ger\u00e4t erneut besuchen, werden die in den Cookies gespeicherten Informationen entweder an unsere Website (\u201eErstanbieter-Cookies\u201c) oder an eine andere Website, zu der das Cookie geh\u00f6rt (\u201eDrittanbieter-Cookies\u201c), \u00fcbertragen.<\/p>\n<p data-start=\"2590\" data-end=\"3078\">Durch die gespeicherten und \u00fcbermittelten Informationen erkennt die jeweilige Website, dass Sie sie bereits besucht haben. Wir nutzen diese Informationen, um unsere Website optimal und benutzerfreundlich zu gestalten. In diesem Zusammenhang wird nur das Cookie auf Ihrem Ger\u00e4t erkannt. Ihre personenbezogenen Daten werden nur mit Ihrer ausdr\u00fccklichen Zustimmung gespeichert oder wenn dies unbedingt erforderlich ist, um die angebotene und von Ihnen genutzte Dienstleistung zu erbringen.<\/p>\n<p data-start=\"3080\" data-end=\"3201\">Diese Website verwendet die folgenden Arten von Cookies, deren Umfang und Funktionalit\u00e4t im Folgenden erl\u00e4utert werden:<\/p>\n<ul data-start=\"3203\" data-end=\"3334\">\n<li data-start=\"3203\" data-end=\"3233\">Technische Cookies (Typ A)<\/li>\n<li data-start=\"3234\" data-end=\"3279\">Funktionale und Leistungs-Cookies (Typ B)<\/li>\n<li data-start=\"3280\" data-end=\"3334\">Cookies mit Einwilligung (z. B. Marketing) (Typ C)<\/li>\n<\/ul>\n<p data-start=\"3336\" data-end=\"3493\">Weitere Informationen zu den verwendeten Cookies finden Sie in der Beschreibung der auf unserer Website eingebetteten Tools in dieser Datenschutzerkl\u00e4rung.<\/p>\n<h3 data-start=\"3495\" data-end=\"3524\"><strong data-start=\"3499\" data-end=\"3522\">2.3. Online-Werbung<\/strong><\/h3>\n<p data-start=\"3526\" data-end=\"3779\">Wir nutzen Google Ads-Dienste. Wenn Sie \u00fcber eine Google-Anzeige auf unsere Website zugreifen, speichert Google Ads ein Cookie auf Ihrem Ger\u00e4t. Diese Cookies verfallen in der Regel nach 30 Tagen und dienen nicht dazu, Sie pers\u00f6nlich zu identifizieren.<\/p>\n<h3 data-start=\"3781\" data-end=\"3810\"><strong data-start=\"3785\" data-end=\"3808\">2.4. Facebook Pixel<\/strong><\/h3>\n<p data-start=\"3812\" data-end=\"3985\">Diese Website verwendet die Funktion \u201eFacebook Pixel\u201c des sozialen Netzwerks \u201eFacebook\u201c f\u00fcr Remarketing-Zwecke, um Sie innerhalb von 180 Tagen erneut ansprechen zu k\u00f6nnen.<\/p>\n<h3 data-start=\"3987\" data-end=\"4020\"><strong data-start=\"3991\" data-end=\"4018\">2.5. Google Tag Manager<\/strong><\/h3>\n<p data-start=\"4022\" data-end=\"4323\">Diese Website verwendet Google Tag Manager. Dieser Dienst erm\u00f6glicht die Verwaltung von Website-Tags \u00fcber eine Oberfl\u00e4che. Google Tag Manager setzt selbst keine Cookies und erfasst keine personenbezogenen Daten. Der Google Tag Manager l\u00f6st jedoch andere Tags aus, die wiederum Daten erfassen k\u00f6nnen.<\/p>\n<h2 data-start=\"4330\" data-end=\"4398\"><strong data-start=\"4333\" data-end=\"4396\">3. Weitere angebotene Dienstleistungen (online und offline)<\/strong><\/h2>\n<p data-start=\"4400\" data-end=\"4560\">Neben der rein informativen Nutzung unserer Website bieten wir verschiedene weitere Dienstleistungen an, f\u00fcr die wir Ihre personenbezogenen Daten verarbeiten.<\/p>\n<h3 data-start=\"4562\" data-end=\"4603\"><strong data-start=\"4566\" data-end=\"4601\">3.1. Kontakt\/Anfrage\/Newsletter<\/strong><\/h3>\n<p data-start=\"4605\" data-end=\"5063\">Wenn Sie \u00fcber unsere Website Kontakt mit uns aufnehmen oder mit uns kommunizieren, z. B. per E-Mail, \u00fcber das Kontaktformular oder durch die Anmeldung zu unserem Newsletter, werden die von Ihnen angegebenen Daten (Ihre E-Mail-Adresse, ggf. Ihr Name und Ihre Telefonnummer oder weitere pers\u00f6nliche Daten aus dem Gespr\u00e4ch) von uns gespeichert und verarbeitet, um Ihre Anfragen zu beantworten, Anforderungen zu bearbeiten oder f\u00fcr gesch\u00e4ftliche Korrespondenz.<\/p>\n<p data-start=\"5065\" data-end=\"5282\">Wir l\u00f6schen die in diesem Zusammenhang erfassten Daten, sobald die Speicherung nicht mehr erforderlich ist, es sei denn, gesetzliche Aufbewahrungspflichten oder Verj\u00e4hrungsfristen erfordern eine l\u00e4ngere Speicherung.<\/p>\n<h3 data-start=\"5284\" data-end=\"5307\"><strong data-start=\"5288\" data-end=\"5305\">3.2. Bewerber<\/strong><\/h3>\n<p data-start=\"5309\" data-end=\"5575\">Bei der Suche nach potenziellen Kandidaten nutzen wir verschiedene Jobplattformen und Lebenslauf-Datenbanken. In diesem Zusammenhang verarbeiten wir die personenbezogenen Daten, die Sie auf diesen Plattformen und in diesen Datenbanken zur Verf\u00fcgung gestellt haben.<\/p>\n<p data-start=\"5577\" data-end=\"5754\">Ihre personenbezogenen Daten werden von autorisierten Mitgliedern von <strong data-start=\"5647\" data-end=\"5661\">VAL t.u.o.<\/strong> verarbeitet, die sie nutzen, um Sie zu kontaktieren, wenn eine neue Stelle verf\u00fcgbar wird.<\/p>\n<h3 data-start=\"5756\" data-end=\"5785\"><strong data-start=\"5760\" data-end=\"5783\">3.3. Partner\/Kunden<\/strong><\/h3>\n<p data-start=\"5787\" data-end=\"5887\">Wir erheben und verarbeiten Ihre personenbezogenen Daten, wenn Sie unsere Dienstleistungen nutzen.<\/p>\n<p data-start=\"5889\" data-end=\"6161\">Zu diesem Zweck erfassen wir die personenbezogenen Daten, die sich auf Ihre Gesch\u00e4ftsbeziehung mit <strong data-start=\"5988\" data-end=\"6002\">VAL t.u.o.<\/strong> beziehen, wie z. B. Ihren Namen, Ihre Kontaktdaten (E-Mail, Telefonnummer, Adresse) sowie Zahlungsinformationen und Ihre Umsatzsteuer-Identifikationsnummer.<\/p>\n<p data-start=\"6163\" data-end=\"6300\">Die Erhebung und Verarbeitung dieser Daten ist erforderlich, um die Verpflichtungen aus der bestehenden Gesch\u00e4ftsbeziehung zu erf\u00fcllen.<\/p>\n<h2 data-start=\"6307\" data-end=\"6402\"><strong data-start=\"6310\" data-end=\"6400\">4. Widerspruch oder Widerruf der Einwilligung zur Verarbeitung personenbezogener Daten<\/strong><\/h2>\n<p data-start=\"6404\" data-end=\"6567\">Wenn Sie Ihre Einwilligung zur Verarbeitung Ihrer Daten (Artikel 6 Absatz 1 Buchstabe a DSGVO) erteilt haben, k\u00f6nnen Sie diese Einwilligung jederzeit widerrufen.<\/p>\n","protected":false},"excerpt":{"rendered":"<p>1. Datenschutzbestimmungen Das Unternehmen VAL t.u.o., mit Sitz in Jelsa 102, 21465 Jelsa, USt-ID: 1095562858, legt gro\u00dfen Wert auf den Schutz Ihrer personenbezogenen Daten. Der Zweck dieser Datenschutzbestimmungen ist es, Ihnen Informationen \u00fcber die Verarbeitung personenbezogener Daten bei der Nutzung unserer Website und unserer Dienstleistungen bereitzustellen. 1.1. Verarbeitung personenbezogener Daten Personenbezogene Daten gem\u00e4\u00df Art. 4 [&hellip;]<\/p>\n","protected":false},"author":1,"featured_media":0,"parent":0,"menu_order":0,"comment_status":"closed","ping_status":"closed","template":"","meta":{"_acf_changed":false,"footnotes":""},"class_list":["post-2541","page","type-page","status-publish","hentry"],"acf":[],"_links":{"self":[{"href":"https:\/\/www.diving-safari-croatia.com\/de\/wp-json\/wp\/v2\/pages\/2541","targetHints":{"allow":["GET"]}}],"collection":[{"href":"https:\/\/www.diving-safari-croatia.com\/de\/wp-json\/wp\/v2\/pages"}],"about":[{"href":"https:\/\/www.diving-safari-croatia.com\/de\/wp-json\/wp\/v2\/types\/page"}],"author":[{"embeddable":true,"href":"https:\/\/www.diving-safari-croatia.com\/de\/wp-json\/wp\/v2\/users\/1"}],"replies":[{"embeddable":true,"href":"https:\/\/www.diving-safari-croatia.com\/de\/wp-json\/wp\/v2\/comments?post=2541"}],"version-history":[{"count":0,"href":"https:\/\/www.diving-safari-croatia.com\/de\/wp-json\/wp\/v2\/pages\/2541\/revisions"}],"wp:attachment":[{"href":"https:\/\/www.diving-safari-croatia.com\/de\/wp-json\/wp\/v2\/media?parent=2541"}],"curies":[{"name":"wp","href":"https:\/\/api.w.org\/{rel}","templated":true}]}}